{"id":31430,"date":"2025-09-08T04:31:15","date_gmt":"2025-09-08T04:31:15","guid":{"rendered":"https:\/\/maderasgavilan.com\/?post_type=product&#038;p=31430"},"modified":"2026-04-23T17:15:27","modified_gmt":"2026-04-23T23:15:27","slug":"polin-nacional","status":"publish","type":"product","link":"https:\/\/maderasgavilan.com\/en\/product\/polin-nacional\/","title":{"rendered":"Pol\u00edn Nacional"},"content":{"rendered":"<p>Las im\u00e1genes publicadas son meramente ilustrativas y pueden diferir ligeramente del producto final.<\/p>\n<p>*Los precios y condiciones est\u00e1n sujetos a cambios sin previo aviso<\/p>","protected":false},"excerpt":{"rendered":"<ul>\n<li>Madera para construcci\u00f3n<\/li>\n<li>H\u00famedo<\/li>\n<li>Verde y con nudos<\/li>\n<li>Madera de tercera<\/li>\n<\/ul>","protected":false},"featured_media":22301,"template":"","meta":{"slim_seo":{"title":"Pol\u00edn Nacional - Maderas Gavilan","description":"Madera para construcci\u00f3n H\u00famedo Verde y con nudos Madera de tercera"}},"product_brand":[],"product_cat":[137,138],"product_tag":[],"class_list":{"0":"post-31430","1":"product","2":"type-product","3":"status-publish","4":"has-post-thumbnail","6":"product_cat-madera","7":"product_cat-construccion","9":"first","10":"instock","11":"shipping-taxable","12":"purchasable","13":"product-type-variable"},"_links":{"self":[{"href":"https:\/\/maderasgavilan.com\/en\/wp-json\/wp\/v2\/product\/31430","targetHints":{"allow":["GET"]}}],"collection":[{"href":"https:\/\/maderasgavilan.com\/en\/wp-json\/wp\/v2\/product"}],"about":[{"href":"https:\/\/maderasgavilan.com\/en\/wp-json\/wp\/v2\/types\/product"}],"version-history":[{"count":2,"href":"https:\/\/maderasgavilan.com\/en\/wp-json\/wp\/v2\/product\/31430\/revisions"}],"predecessor-version":[{"id":32637,"href":"https:\/\/maderasgavilan.com\/en\/wp-json\/wp\/v2\/product\/31430\/revisions\/32637"}],"wp:featuredmedia":[{"embeddable":true,"href":"https:\/\/maderasgavilan.com\/en\/wp-json\/wp\/v2\/media\/22301"}],"wp:attachment":[{"href":"https:\/\/maderasgavilan.com\/en\/wp-json\/wp\/v2\/media?parent=31430"}],"wp:term":[{"taxonomy":"product_brand","embeddable":true,"href":"https:\/\/maderasgavilan.com\/en\/wp-json\/wp\/v2\/product_brand?post=31430"},{"taxonomy":"product_cat","embeddable":true,"href":"https:\/\/maderasgavilan.com\/en\/wp-json\/wp\/v2\/product_cat?post=31430"},{"taxonomy":"product_tag","embeddable":true,"href":"https:\/\/maderasgavilan.com\/en\/wp-json\/wp\/v2\/product_tag?post=31430"}],"curies":[{"name":"wp","href":"https:\/\/api.w.org\/{rel}","templated":true}]}}