{"id":3,"date":"2023-05-26T20:25:29","date_gmt":"2023-05-26T20:25:29","guid":{"rendered":"https:\/\/maderasgavilan.com\/?page_id=3"},"modified":"2025-03-27T05:43:50","modified_gmt":"2025-03-27T05:43:50","slug":"aviso-de-privacidad","status":"publish","type":"page","link":"https:\/\/maderasgavilan.com\/en\/aviso-de-privacidad\/","title":{"rendered":"Aviso de Privacidad"},"content":{"rendered":"<div data-elementor-type=\"wp-page\" data-elementor-id=\"3\" class=\"elementor elementor-3\">\n\t\t\t\t\t\t<section class=\"elementor-section elementor-top-section elementor-element elementor-element-5ca9ba2 elementor-section-boxed elementor-section-height-default elementor-section-height-default wd-section-disabled\" data-id=\"5ca9ba2\" data-element_type=\"section\">\n\t\t\t\t\t\t<div class=\"elementor-container elementor-column-gap-default\">\n\t\t\t\t\t<div class=\"elementor-column elementor-col-100 elementor-top-column elementor-element elementor-element-5b111003\" data-id=\"5b111003\" data-element_type=\"column\">\n\t\t\t<div class=\"elementor-widget-wrap elementor-element-populated\">\n\t\t\t\t\t\t<div class=\"elementor-element elementor-element-4af512e5 color-scheme-inherit text-left elementor-widget elementor-widget-text-editor\" data-id=\"4af512e5\" data-element_type=\"widget\" data-widget_type=\"text-editor.default\">\n\t\t\t\t<div class=\"elementor-widget-container\">\n\t\t\t\t\t\t\t\t\t<h4><strong>MADERAS Y PUERTAS GAVIL\u00c1N S.A. DE C.V.<\/strong><br \/>Domicilio: San Lorenzo Tezonco 224 Col. San Nicol\u00e1s Tolentino, C.P. 09850, CDMX<br \/>Tel\u00e9fono: <a class=\"enlace\" href=\"tel:5559700100\">55 59 700 100<\/a><br \/>Correo electr\u00f3nico: <a class=\"enlace\" href=\"mailto:contacta@maderasgavilan.com\">contacta@maderasgavilan.com<\/a><\/h4><p>En cumplimiento con la Ley Federal de Protecci\u00f3n de Datos Personales en Posesi\u00f3n de los Particulares (en<br \/>adelante, la \u201cLey\u201d) y su Reglamento, Maderas y Puertas Gavil\u00e1n S.A. de C.V. (en adelante, \u201cla Empresa\u201d),<br \/>con domicilio en San Lorenzo Tezonco 224 Col. San Nicol\u00e1s Tolentino, C.P. 09850, CDMX, es responsable del<br \/>tratamiento de sus datos personales. Este Aviso de Privacidad tiene como finalidad informarle sobre el<br \/>tratamiento que se dar\u00e1 a sus datos personales y la forma en que puede ejercer sus derechos.<\/p>\t\t\t\t\t\t\t\t<\/div>\n\t\t\t\t<\/div>\n\t\t\t\t<div class=\"elementor-element elementor-element-603b6c6 elementor-widget elementor-widget-heading\" data-id=\"603b6c6\" data-element_type=\"widget\" data-widget_type=\"heading.default\">\n\t\t\t\t<div class=\"elementor-widget-container\">\n\t\t\t\t\t<h4 class=\"elementor-heading-title elementor-size-default\">1. Datos Personales Recabados<\/h4>\t\t\t\t<\/div>\n\t\t\t\t<\/div>\n\t\t\t\t<div class=\"elementor-element elementor-element-010a3b9 color-scheme-inherit text-left elementor-widget elementor-widget-text-editor\" data-id=\"010a3b9\" data-element_type=\"widget\" data-widget_type=\"text-editor.default\">\n\t\t\t\t<div class=\"elementor-widget-container\">\n\t\t\t\t\t\t\t\t\t<p>La Empresa podr\u00e1 recabar y tratar los siguientes datos personales:<\/p><ul><li>Nombre completo<\/li><li>Domicilio<\/li><li>Tel\u00e9fono fijo o celular<\/li><li>Correo electr\u00f3nico<\/li><li>Registro Federal de Contribuyentes (RFC)<\/li><li>Clave \u00danica de Registro de Poblaci\u00f3n (CURP)<\/li><li>Informaci\u00f3n bancaria para pagos y facturaci\u00f3n<\/li><li>Firma aut\u00f3grafa<\/li><li>Informaci\u00f3n comercial relacionada con productos o servicios solicitados<\/li><\/ul><p>No se solicitar\u00e1n ni se tratar\u00e1n datos personales sensibles.<\/p>\t\t\t\t\t\t\t\t<\/div>\n\t\t\t\t<\/div>\n\t\t\t\t<div class=\"elementor-element elementor-element-564daca elementor-widget elementor-widget-heading\" data-id=\"564daca\" data-element_type=\"widget\" data-widget_type=\"heading.default\">\n\t\t\t\t<div class=\"elementor-widget-container\">\n\t\t\t\t\t<h4 class=\"elementor-heading-title elementor-size-default\">2. Finalidades del Tratamiento de Datos Personales <\/h4>\t\t\t\t<\/div>\n\t\t\t\t<\/div>\n\t\t\t\t<div class=\"elementor-element elementor-element-72a8d57 color-scheme-inherit text-left elementor-widget elementor-widget-text-editor\" data-id=\"72a8d57\" data-element_type=\"widget\" data-widget_type=\"text-editor.default\">\n\t\t\t\t<div class=\"elementor-widget-container\">\n\t\t\t\t\t\t\t\t\t<p>Sus datos personales ser\u00e1n utilizados para las siguientes finalidades principales:<\/p><ul><li>Proveer los productos y servicios solicitados.<\/li><li>Dar cumplimiento a obligaciones contractuales.<\/li><li>Facturaci\u00f3n y cobranza.<\/li><li>Contactarlo para brindar soporte o dar seguimiento a sus solicitudes.<\/li><li>Cumplir con obligaciones legales y fiscales.<\/li><\/ul><p>De manera adicional, y siempre que usted lo autorice expresamente, sus datos podr\u00e1n utilizarse para las siguientes finalidades secundarias:<\/p><ul><li>Enviarle informaci\u00f3n sobre promociones, descuentos y eventos.<\/li><li>Realizar encuestas de satisfacci\u00f3n.<\/li><li>Proveerle informaci\u00f3n comercial de la Empresa.<\/li><\/ul><p>En caso de que no desee que sus datos personales sean utilizados para estas finalidades secundarias,<br \/>puede manifestarlo enviando un correo electr\u00f3nico a: <a class=\"enlace\" href=\"mailto:contacta@maderasgavilan.com\">contacta@maderasgavilan.com<\/a><\/p>\t\t\t\t\t\t\t\t<\/div>\n\t\t\t\t<\/div>\n\t\t\t\t<div class=\"elementor-element elementor-element-537dac6 elementor-widget elementor-widget-heading\" data-id=\"537dac6\" data-element_type=\"widget\" data-widget_type=\"heading.default\">\n\t\t\t\t<div class=\"elementor-widget-container\">\n\t\t\t\t\t<h4 class=\"elementor-heading-title elementor-size-default\">3. Transferencia de Datos Personales <\/h4>\t\t\t\t<\/div>\n\t\t\t\t<\/div>\n\t\t\t\t<div class=\"elementor-element elementor-element-0afd67b color-scheme-inherit text-left elementor-widget elementor-widget-text-editor\" data-id=\"0afd67b\" data-element_type=\"widget\" data-widget_type=\"text-editor.default\">\n\t\t\t\t<div class=\"elementor-widget-container\">\n\t\t\t\t\t\t\t\t\t<p>La Empresa podr\u00e1 compartir sus datos personales con terceros, \u00fanicamente en los siguientes casos:<\/p><ul><li>Proveedores de servicios: Para cumplir con obligaciones contractuales, como servicios de <br \/>log\u00edstica, facturaci\u00f3n o procesamiento de pagos.<\/li><li>Autoridades competentes: En cumplimiento de la Ley, reglamentos o requerimientos <br \/>judiciales o administrativos.<\/li><li>Instituciones financieras: Para realizar transacciones y procesar pagos.<\/li><\/ul><p>En todos los casos, se garantizar\u00e1 que el tratamiento de sus datos personales se realice bajo est\u00e1ndares <br \/>adecuados de seguridad y confidencialidad.<\/p>\t\t\t\t\t\t\t\t<\/div>\n\t\t\t\t<\/div>\n\t\t\t\t<div class=\"elementor-element elementor-element-c457ec6 elementor-widget elementor-widget-heading\" data-id=\"c457ec6\" data-element_type=\"widget\" data-widget_type=\"heading.default\">\n\t\t\t\t<div class=\"elementor-widget-container\">\n\t\t\t\t\t<h4 class=\"elementor-heading-title elementor-size-default\">4. Derechos ARCO <\/h4>\t\t\t\t<\/div>\n\t\t\t\t<\/div>\n\t\t\t\t<div class=\"elementor-element elementor-element-c0af852 color-scheme-inherit text-left elementor-widget elementor-widget-text-editor\" data-id=\"c0af852\" data-element_type=\"widget\" data-widget_type=\"text-editor.default\">\n\t\t\t\t<div class=\"elementor-widget-container\">\n\t\t\t\t\t\t\t\t\t<p>Usted tiene derecho a conocer qu\u00e9 datos personales tenemos, para qu\u00e9 los utilizamos y las condiciones del<br \/>tratamiento (Acceso). Asimismo, puede solicitar la correcci\u00f3n de su informaci\u00f3n personal en caso de que<br \/>est\u00e9 desactualizada o sea inexacta (Rectificaci\u00f3n); pedir que la eliminemos de nuestros registros o bases de<br \/>datos cuando considere que no est\u00e1 siendo utilizada adecuadamente (Cancelaci\u00f3n); o bien, oponerse al uso<br \/>de sus datos para fines espec\u00edficos (Oposici\u00f3n).<\/p><p>Para ejercer cualquiera de los derechos ARCO, deber\u00e1 enviar una solicitud al correo electr\u00f3nico [Correo de<br \/>contacto] con la siguiente informaci\u00f3n:<\/p><ul><li>Nombre completo y copia de identificaci\u00f3n oficial.<\/li><li>Descripci\u00f3n clara del derecho que desea ejercer.<\/li><li>Datos espec\u00edficos que desee acceder, rectificar, cancelar u oponerse a su tratamiento.<\/li><li>Cualquier otro documento necesario para identificar su solicitud.<\/li><\/ul><p>En un plazo m\u00e1ximo de 20 d\u00edas h\u00e1biles contados a partir de la recepci\u00f3n de la solicitud, se le informar\u00e1<br \/>sobre la procedencia de la misma.<\/p>\t\t\t\t\t\t\t\t<\/div>\n\t\t\t\t<\/div>\n\t\t\t\t<div class=\"elementor-element elementor-element-743a8ec elementor-widget elementor-widget-heading\" data-id=\"743a8ec\" data-element_type=\"widget\" data-widget_type=\"heading.default\">\n\t\t\t\t<div class=\"elementor-widget-container\">\n\t\t\t\t\t<h4 class=\"elementor-heading-title elementor-size-default\">5. Medidas de Seguridad  <\/h4>\t\t\t\t<\/div>\n\t\t\t\t<\/div>\n\t\t\t\t<div class=\"elementor-element elementor-element-8b3a747 color-scheme-inherit text-left elementor-widget elementor-widget-text-editor\" data-id=\"8b3a747\" data-element_type=\"widget\" data-widget_type=\"text-editor.default\">\n\t\t\t\t<div class=\"elementor-widget-container\">\n\t\t\t\t\t\t\t\t\t<p>La Empresa implementa medidas de seguridad administrativas, t\u00e9cnicas y f\u00edsicas para proteger sus datos <br \/>personales contra da\u00f1o, p\u00e9rdida, alteraci\u00f3n, destrucci\u00f3n o uso no autorizado.<\/p>\t\t\t\t\t\t\t\t<\/div>\n\t\t\t\t<\/div>\n\t\t\t\t<div class=\"elementor-element elementor-element-9ffe557 elementor-widget elementor-widget-heading\" data-id=\"9ffe557\" data-element_type=\"widget\" data-widget_type=\"heading.default\">\n\t\t\t\t<div class=\"elementor-widget-container\">\n\t\t\t\t\t<h4 class=\"elementor-heading-title elementor-size-default\">6. Modificaciones al Aviso de Privacidad<\/h4>\t\t\t\t<\/div>\n\t\t\t\t<\/div>\n\t\t\t\t<div class=\"elementor-element elementor-element-b253d52 color-scheme-inherit text-left elementor-widget elementor-widget-text-editor\" data-id=\"b253d52\" data-element_type=\"widget\" data-widget_type=\"text-editor.default\">\n\t\t\t\t<div class=\"elementor-widget-container\">\n\t\t\t\t\t\t\t\t\tEste Aviso de Privacidad podr\u00e1 ser actualizado o modificado en cualquier momento para cumplir con\ncambios en la legislaci\u00f3n o en las pol\u00edticas internas de la Empresa. La versi\u00f3n actualizada estar\u00e1 disponible\nen nuestro sitio web: <a class=\"enlace\" href=\"https:\/\/maderasgavilan.com\/en\/\">https:\/\/maderasgavilan.com\/<\/a>\t\t\t\t\t\t\t\t<\/div>\n\t\t\t\t<\/div>\n\t\t\t\t<div class=\"elementor-element elementor-element-33c9010 elementor-widget elementor-widget-heading\" data-id=\"33c9010\" data-element_type=\"widget\" data-widget_type=\"heading.default\">\n\t\t\t\t<div class=\"elementor-widget-container\">\n\t\t\t\t\t<h4 class=\"elementor-heading-title elementor-size-default\">7. Contacto <\/h4>\t\t\t\t<\/div>\n\t\t\t\t<\/div>\n\t\t\t\t<div class=\"elementor-element elementor-element-6c59508 color-scheme-inherit text-left elementor-widget elementor-widget-text-editor\" data-id=\"6c59508\" data-element_type=\"widget\" data-widget_type=\"text-editor.default\">\n\t\t\t\t<div class=\"elementor-widget-container\">\n\t\t\t\t\t\t\t\t\tPara cualquier consulta sobre este Aviso de Privacidad o sobre el tratamiento de sus datos personales,\npuede contactarnos a trav\u00e9s del correo electr\u00f3nico <a class=\"enlace\" href=\"mailto:contacta@maderasgavilan.com\">contacta@maderasgavilan.com<\/a> o al tel\u00e9fono <a class=\"enlace\" href=\"tel:5559700100\">55 59 700 100<\/a>\t\t\t\t\t\t\t\t<\/div>\n\t\t\t\t<\/div>\n\t\t\t\t\t<\/div>\n\t\t<\/div>\n\t\t\t\t\t<\/div>\n\t\t<\/section>\n\t\t\t\t<\/div>","protected":false},"excerpt":{"rendered":"<p>MADERAS Y PUERTAS GAVIL\u00c1N S.A. DE C.V.Domicilio: San Lorenzo Tezonco 224 Col. San Nicol\u00e1s Tolentino, C.P. 09850, CDMXTel\u00e9fono: 55 59<\/p>","protected":false},"author":1,"featured_media":0,"parent":0,"menu_order":0,"comment_status":"closed","ping_status":"open","template":"","meta":{"slim_seo":{"title":"Aviso de Privacidad - Maderas Gavilan","description":"MADERAS Y PUERTAS GAVIL\u00c1N S.A. DE C.V. Domicilio: San Lorenzo Tezonco 224 Col. San Nicol\u00e1s Tolentino, C.P. 09850, CDMX Tel\u00e9fono: 55 59 700 100 Correo electr\u00f3nic"},"footnotes":""},"class_list":["post-3","page","type-page","status-publish","hentry"],"_links":{"self":[{"href":"https:\/\/maderasgavilan.com\/en\/wp-json\/wp\/v2\/pages\/3","targetHints":{"allow":["GET"]}}],"collection":[{"href":"https:\/\/maderasgavilan.com\/en\/wp-json\/wp\/v2\/pages"}],"about":[{"href":"https:\/\/maderasgavilan.com\/en\/wp-json\/wp\/v2\/types\/page"}],"author":[{"embeddable":true,"href":"https:\/\/maderasgavilan.com\/en\/wp-json\/wp\/v2\/users\/1"}],"replies":[{"embeddable":true,"href":"https:\/\/maderasgavilan.com\/en\/wp-json\/wp\/v2\/comments?post=3"}],"version-history":[{"count":33,"href":"https:\/\/maderasgavilan.com\/en\/wp-json\/wp\/v2\/pages\/3\/revisions"}],"predecessor-version":[{"id":28171,"href":"https:\/\/maderasgavilan.com\/en\/wp-json\/wp\/v2\/pages\/3\/revisions\/28171"}],"wp:attachment":[{"href":"https:\/\/maderasgavilan.com\/en\/wp-json\/wp\/v2\/media?parent=3"}],"curies":[{"name":"wp","href":"https:\/\/api.w.org\/{rel}","templated":true}]}}